{"id":69,"date":"2024-10-09T08:14:38","date_gmt":"2024-10-09T06:14:38","guid":{"rendered":"http:\/\/localhost:8886\/?page_id=69"},"modified":"2024-10-12T22:01:48","modified_gmt":"2024-10-12T20:01:48","slug":"sobre-nosotros","status":"publish","type":"page","link":"https:\/\/imagen-radio.com\/radio\/sobre-nosotros\/","title":{"rendered":"Sobre Nosotros"},"content":{"rendered":"\n<div style=\"height:25px\" aria-hidden=\"true\" class=\"wp-block-spacer\"><\/div>\n\n\n\n<div class=\"wp-block-cover is-light\"><span aria-hidden=\"true\" class=\"wp-block-cover__background has-black-background-color has-background-dim-10 has-background-dim\"><\/span><div class=\"wp-block-cover__inner-container is-layout-constrained wp-block-cover-is-layout-constrained\">\n<div style=\"height:25px\" aria-hidden=\"true\" class=\"wp-block-spacer\"><\/div>\n\n\n\n<center>\n<iframe loading=\"lazy\" src=\"https:\/\/www.facebook.com\/plugins\/video.php?href=https%3A%2F%2Fwww.facebook.com%2Fimagenradioelsalvador%2Fvideos%2F575336681055244&#038;width=1200&#038;show_text=false&#038;appId=361948841040206&#038;height=800\" width=\"1200\" height=\"500\" style=\"border:none;overflow:hidden\" scrolling=\"no\" frameborder=\"0\" allowfullscreen=\"true\" allow=\"autoplay; clipboard-write; encrypted-media; picture-in-picture; web-share\" allowFullScreen=\"true\"><\/iframe>\n<\/center>\n\n\n\n<div style=\"height:25px\" aria-hidden=\"true\" class=\"wp-block-spacer\"><\/div>\n<\/div><\/div>\n\n\n\n<div class=\"wp-block-cover is-light\"><span aria-hidden=\"true\" class=\"wp-block-cover__background has-black-background-color has-background-dim-10 has-background-dim\"><\/span><div class=\"wp-block-cover__inner-container is-layout-constrained wp-block-cover-is-layout-constrained\">\n<div style=\"height:25px\" aria-hidden=\"true\" class=\"wp-block-spacer\"><\/div>\n\n\n\n<div class=\"wp-block-columns has-text-color has-link-color wp-elements-9d98f83c9790fb6fb0eaa1b5c5a757a4 is-layout-flex wp-container-core-columns-is-layout-9d6595d7 wp-block-columns-is-layout-flex\" style=\"color:#cccccc\">\n<div class=\"wp-block-column is-layout-flow wp-block-column-is-layout-flow\"><div class=\"wp-block-image\">\n<figure data-wp-context=\"{&quot;imageId&quot;:&quot;69f2078012b7b&quot;}\" data-wp-interactive=\"core\/image\" data-wp-key=\"69f2078012b7b\" class=\"aligncenter size-full wp-lightbox-container\"><img loading=\"lazy\" decoding=\"async\" width=\"1200\" height=\"1200\" data-wp-class--hide=\"state.isContentHidden\" data-wp-class--show=\"state.isContentVisible\" data-wp-init=\"callbacks.setButtonStyles\" data-wp-on--click=\"actions.showLightbox\" data-wp-on--load=\"callbacks.setButtonStyles\" data-wp-on-window--resize=\"callbacks.setButtonStyles\" src=\"http:\/\/localhost:8886\/wp-content\/uploads\/2024\/10\/Logo-1200x1200px.png\" alt=\"\" class=\"wp-image-167\" srcset=\"https:\/\/imagen-radio.com\/radio\/wp-content\/uploads\/2024\/10\/Logo-1200x1200px.png 1200w, https:\/\/imagen-radio.com\/radio\/wp-content\/uploads\/2024\/10\/Logo-1200x1200px-300x300.png 300w, https:\/\/imagen-radio.com\/radio\/wp-content\/uploads\/2024\/10\/Logo-1200x1200px-1024x1024.png 1024w, https:\/\/imagen-radio.com\/radio\/wp-content\/uploads\/2024\/10\/Logo-1200x1200px-150x150.png 150w, https:\/\/imagen-radio.com\/radio\/wp-content\/uploads\/2024\/10\/Logo-1200x1200px-768x768.png 768w\" sizes=\"auto, (max-width: 1200px) 100vw, 1200px\" \/><button\n\t\t\tclass=\"lightbox-trigger\"\n\t\t\ttype=\"button\"\n\t\t\taria-haspopup=\"dialog\"\n\t\t\taria-label=\"Agrandar\"\n\t\t\tdata-wp-init=\"callbacks.initTriggerButton\"\n\t\t\tdata-wp-on--click=\"actions.showLightbox\"\n\t\t\tdata-wp-style--right=\"state.imageButtonRight\"\n\t\t\tdata-wp-style--top=\"state.imageButtonTop\"\n\t\t>\n\t\t\t<svg xmlns=\"http:\/\/www.w3.org\/2000\/svg\" width=\"12\" height=\"12\" fill=\"none\" viewBox=\"0 0 12 12\">\n\t\t\t\t<path fill=\"#fff\" d=\"M2 0a2 2 0 0 0-2 2v2h1.5V2a.5.5 0 0 1 .5-.5h2V0H2Zm2 10.5H2a.5.5 0 0 1-.5-.5V8H0v2a2 2 0 0 0 2 2h2v-1.5ZM8 12v-1.5h2a.5.5 0 0 0 .5-.5V8H12v2a2 2 0 0 1-2 2H8Zm2-12a2 2 0 0 1 2 2v2h-1.5V2a.5.5 0 0 0-.5-.5H8V0h2Z\" \/>\n\t\t\t<\/svg>\n\t\t<\/button><figcaption class=\"wp-element-caption\"><em><mark style=\"background-color:rgba(0, 0, 0, 0);color:#cccccc\" class=\"has-inline-color\">Logo oficial \u2014 2021<\/mark><\/em><\/figcaption><\/figure>\n<\/div>\n\n\n<div style=\"height:25px\" aria-hidden=\"true\" class=\"wp-block-spacer\"><\/div>\n\n\n\n<p><em>IMAGEN RADIO El Salvador es una estaci\u00f3n radial online de perfil Adulto-Contempor\u00e1neo, que ofrece una selecci\u00f3n de contenido musical en ingl\u00e9s y espa\u00f1ol de las d\u00e9cadas 70\u2019s, 80\u2019s, 90\u2019s y 2,000 apto para toda la familia, principalmente con ritmos Rock, Pop, Ballads, Romantic, EDM, Disco, New Wave y Techno<\/em><\/p>\n\n\n\n<p><em>Como una excepci\u00f3n especial se presentan programas con m\u00fasica tropical y de tem\u00e1ticas especializadas<\/em><\/p>\n\n\n\n<p><em>Viaje con nosotros a trav\u00e9s de las mejores d\u00e9cadas de la m\u00fasica en ingl\u00e9s y espa\u00f1ol, las 24 horas a trav\u00e9s de nuestro sitio web y nuestra app<\/em><\/p>\n\n\n\n<p><em>Programas en vivo, enlaces telef\u00f3nicos, llamadas al aire, sorteos y la mejor selecci\u00f3n musical de las d\u00e9cadas de los 70&#8217;s, 80&#8217;s, 90&#8217;s y 2K<\/em><\/p>\n<\/div>\n\n\n\n<div class=\"wp-block-column is-layout-flow wp-block-column-is-layout-flow\"><div class=\"wp-block-image\">\n<figure data-wp-context=\"{&quot;imageId&quot;:&quot;69f20780131ef&quot;}\" data-wp-interactive=\"core\/image\" data-wp-key=\"69f20780131ef\" class=\"aligncenter size-large wp-lightbox-container\"><img loading=\"lazy\" decoding=\"async\" width=\"1024\" height=\"710\" data-wp-class--hide=\"state.isContentHidden\" data-wp-class--show=\"state.isContentVisible\" data-wp-init=\"callbacks.setButtonStyles\" data-wp-on--click=\"actions.showLightbox\" data-wp-on--load=\"callbacks.setButtonStyles\" data-wp-on-window--resize=\"callbacks.setButtonStyles\" src=\"http:\/\/localhost:8886\/wp-content\/uploads\/2024\/10\/Staff-IRSV-Aniversario-4-1200x1200px-1024x710.jpg\" alt=\"\" class=\"wp-image-118\" srcset=\"https:\/\/imagen-radio.com\/radio\/wp-content\/uploads\/2024\/10\/Staff-IRSV-Aniversario-4-1200x1200px-1024x710.jpg 1024w, https:\/\/imagen-radio.com\/radio\/wp-content\/uploads\/2024\/10\/Staff-IRSV-Aniversario-4-1200x1200px-300x208.jpg 300w, https:\/\/imagen-radio.com\/radio\/wp-content\/uploads\/2024\/10\/Staff-IRSV-Aniversario-4-1200x1200px-768x532.jpg 768w, https:\/\/imagen-radio.com\/radio\/wp-content\/uploads\/2024\/10\/Staff-IRSV-Aniversario-4-1200x1200px.jpg 1200w\" sizes=\"auto, (max-width: 1024px) 100vw, 1024px\" \/><button\n\t\t\tclass=\"lightbox-trigger\"\n\t\t\ttype=\"button\"\n\t\t\taria-haspopup=\"dialog\"\n\t\t\taria-label=\"Agrandar\"\n\t\t\tdata-wp-init=\"callbacks.initTriggerButton\"\n\t\t\tdata-wp-on--click=\"actions.showLightbox\"\n\t\t\tdata-wp-style--right=\"state.imageButtonRight\"\n\t\t\tdata-wp-style--top=\"state.imageButtonTop\"\n\t\t>\n\t\t\t<svg xmlns=\"http:\/\/www.w3.org\/2000\/svg\" width=\"12\" height=\"12\" fill=\"none\" viewBox=\"0 0 12 12\">\n\t\t\t\t<path fill=\"#fff\" d=\"M2 0a2 2 0 0 0-2 2v2h1.5V2a.5.5 0 0 1 .5-.5h2V0H2Zm2 10.5H2a.5.5 0 0 1-.5-.5V8H0v2a2 2 0 0 0 2 2h2v-1.5ZM8 12v-1.5h2a.5.5 0 0 0 .5-.5V8H12v2a2 2 0 0 1-2 2H8Zm2-12a2 2 0 0 1 2 2v2h-1.5V2a.5.5 0 0 0-.5-.5H8V0h2Z\" \/>\n\t\t\t<\/svg>\n\t\t<\/button><figcaption class=\"wp-element-caption\"><em><mark style=\"background-color:rgba(0, 0, 0, 0);color:#cccccc\" class=\"has-inline-color\">Staff de Imagen Radio El Salvador \u2014 Aniversario 4, Agosto 2024<\/mark><\/em><\/figcaption><\/figure>\n<\/div>\n\n\n<div style=\"height:25px\" aria-hidden=\"true\" class=\"wp-block-spacer\"><\/div>\n\n\n\n<p><em>IMAGEN RADIO El Salvador es la radio online para aquellos que buscan encontrarse con los recuerdos a trav\u00e9s de la m\u00fasica<\/em><\/p>\n\n\n\n<p><em>La radio fue fundada el 24 de agosto de 2020, en plena pandemia internacional del Covid 19, bajo la direcci\u00f3n y visi\u00f3n del reconocido y recordado locutor <strong>Jos\u00e9 Lu\u00eds Morales Hern\u00e1ndez<\/strong>, quien contaba con una amplia trayectoria en los medios radiales y televisivos salvadore\u00f1os, as\u00ed como tambi\u00e9n, con el apoyo de colaboradores que comparten tambi\u00e9n el gusto por el m\u00e9todo radial colaborativo y la programaci\u00f3n musical de las mejores \u00e9pocas que otras estaciones han preferido ignorar<\/em><\/p>\n\n\n\n<p><em>Lamentablemente, nuestro director fundador y amigo Jos\u00e9 Luis Morales fue llamado a la presencia de Dios a inicios del a\u00f1o 2024, no logrando estar presente en el aniversario 4 de la radio, debido al padecimiento de c\u00e1ncer, quedando el staff comprometido a seguir el legado en su nombre y replicar en otros las ense\u00f1anzas que el comparti\u00f3 en vida con nosotros<\/em><\/p>\n\n\n\n<p><em>La radio online, adem\u00e1s de ser un espacio de informaci\u00f3n y entretenimiento, tambien fue el canal preferido por nuestro director para reflejar los valores y principios que el defendi\u00f3 durante toda su carrera. Su dedicaci\u00f3n y amor por la radiodifusi\u00f3n digital nos dej\u00f3 un legado imborrable que seguimos honrando cada d\u00eda, manteniendo al aire la estaci\u00f3n radial<\/em><\/p>\n\n\n\n<div style=\"height:25px\" aria-hidden=\"true\" class=\"wp-block-spacer\"><\/div>\n\n\n<div class=\"wp-block-image\">\n<figure data-wp-context=\"{&quot;imageId&quot;:&quot;69f2078013664&quot;}\" data-wp-interactive=\"core\/image\" data-wp-key=\"69f2078013664\" class=\"aligncenter size-full wp-lightbox-container\"><img loading=\"lazy\" decoding=\"async\" width=\"806\" height=\"810\" data-wp-class--hide=\"state.isContentHidden\" data-wp-class--show=\"state.isContentVisible\" data-wp-init=\"callbacks.setButtonStyles\" data-wp-on--click=\"actions.showLightbox\" data-wp-on--load=\"callbacks.setButtonStyles\" data-wp-on-window--resize=\"callbacks.setButtonStyles\" src=\"http:\/\/localhost:8886\/wp-content\/uploads\/2024\/10\/JLM.jpg\" alt=\"\" class=\"wp-image-127\" srcset=\"https:\/\/imagen-radio.com\/radio\/wp-content\/uploads\/2024\/10\/JLM.jpg 806w, https:\/\/imagen-radio.com\/radio\/wp-content\/uploads\/2024\/10\/JLM-300x300.jpg 300w, https:\/\/imagen-radio.com\/radio\/wp-content\/uploads\/2024\/10\/JLM-150x150.jpg 150w, https:\/\/imagen-radio.com\/radio\/wp-content\/uploads\/2024\/10\/JLM-768x772.jpg 768w\" sizes=\"auto, (max-width: 806px) 100vw, 806px\" \/><button\n\t\t\tclass=\"lightbox-trigger\"\n\t\t\ttype=\"button\"\n\t\t\taria-haspopup=\"dialog\"\n\t\t\taria-label=\"Agrandar\"\n\t\t\tdata-wp-init=\"callbacks.initTriggerButton\"\n\t\t\tdata-wp-on--click=\"actions.showLightbox\"\n\t\t\tdata-wp-style--right=\"state.imageButtonRight\"\n\t\t\tdata-wp-style--top=\"state.imageButtonTop\"\n\t\t>\n\t\t\t<svg xmlns=\"http:\/\/www.w3.org\/2000\/svg\" width=\"12\" height=\"12\" fill=\"none\" viewBox=\"0 0 12 12\">\n\t\t\t\t<path fill=\"#fff\" d=\"M2 0a2 2 0 0 0-2 2v2h1.5V2a.5.5 0 0 1 .5-.5h2V0H2Zm2 10.5H2a.5.5 0 0 1-.5-.5V8H0v2a2 2 0 0 0 2 2h2v-1.5ZM8 12v-1.5h2a.5.5 0 0 0 .5-.5V8H12v2a2 2 0 0 1-2 2H8Zm2-12a2 2 0 0 1 2 2v2h-1.5V2a.5.5 0 0 0-.5-.5H8V0h2Z\" \/>\n\t\t\t<\/svg>\n\t\t<\/button><\/figure>\n<\/div>\n\n<div class=\"wp-block-image\">\n<figure data-wp-context=\"{&quot;imageId&quot;:&quot;69f2078013a5d&quot;}\" data-wp-interactive=\"core\/image\" data-wp-key=\"69f2078013a5d\" class=\"aligncenter size-full wp-lightbox-container\"><img loading=\"lazy\" decoding=\"async\" width=\"820\" height=\"312\" data-wp-class--hide=\"state.isContentHidden\" data-wp-class--show=\"state.isContentVisible\" data-wp-init=\"callbacks.setButtonStyles\" data-wp-on--click=\"actions.showLightbox\" data-wp-on--load=\"callbacks.setButtonStyles\" data-wp-on-window--resize=\"callbacks.setButtonStyles\" src=\"http:\/\/localhost:8886\/wp-content\/uploads\/2024\/10\/QDEP-JLM-1965-2024.jpg\" alt=\"\" class=\"wp-image-129\" srcset=\"https:\/\/imagen-radio.com\/radio\/wp-content\/uploads\/2024\/10\/QDEP-JLM-1965-2024.jpg 820w, https:\/\/imagen-radio.com\/radio\/wp-content\/uploads\/2024\/10\/QDEP-JLM-1965-2024-300x114.jpg 300w, https:\/\/imagen-radio.com\/radio\/wp-content\/uploads\/2024\/10\/QDEP-JLM-1965-2024-768x292.jpg 768w\" sizes=\"auto, (max-width: 820px) 100vw, 820px\" \/><button\n\t\t\tclass=\"lightbox-trigger\"\n\t\t\ttype=\"button\"\n\t\t\taria-haspopup=\"dialog\"\n\t\t\taria-label=\"Agrandar\"\n\t\t\tdata-wp-init=\"callbacks.initTriggerButton\"\n\t\t\tdata-wp-on--click=\"actions.showLightbox\"\n\t\t\tdata-wp-style--right=\"state.imageButtonRight\"\n\t\t\tdata-wp-style--top=\"state.imageButtonTop\"\n\t\t>\n\t\t\t<svg xmlns=\"http:\/\/www.w3.org\/2000\/svg\" width=\"12\" height=\"12\" fill=\"none\" viewBox=\"0 0 12 12\">\n\t\t\t\t<path fill=\"#fff\" d=\"M2 0a2 2 0 0 0-2 2v2h1.5V2a.5.5 0 0 1 .5-.5h2V0H2Zm2 10.5H2a.5.5 0 0 1-.5-.5V8H0v2a2 2 0 0 0 2 2h2v-1.5ZM8 12v-1.5h2a.5.5 0 0 0 .5-.5V8H12v2a2 2 0 0 1-2 2H8Zm2-12a2 2 0 0 1 2 2v2h-1.5V2a.5.5 0 0 0-.5-.5H8V0h2Z\" \/>\n\t\t\t<\/svg>\n\t\t<\/button><\/figure>\n<\/div><\/div>\n<\/div>\n<\/div><\/div>\n\n\n\n<div class=\"wp-block-cover is-light\"><span aria-hidden=\"true\" class=\"wp-block-cover__background has-black-background-color has-background-dim-10 has-background-dim\"><\/span><div class=\"wp-block-cover__inner-container is-layout-constrained wp-block-cover-is-layout-constrained\">\n<div style=\"height:25px\" aria-hidden=\"true\" class=\"wp-block-spacer\"><\/div>\n\n\n\n<center>\n<iframe loading=\"lazy\" src=\"https:\/\/www.facebook.com\/plugins\/video.php?href=https%3A%2F%2Fwww.facebook.com%2Fimagenradioelsalvador%2Fvideos%2F1170508004003522&#038;width=1200&#038;show_text=false&#038;appId=361948841040206&#038;height=800\" width=\"1200\" height=\"800\" style=\"border:none;overflow:hidden\" scrolling=\"no\" frameborder=\"0\" allowfullscreen=\"true\" allow=\"autoplay; clipboard-write; encrypted-media; picture-in-picture; web-share\" allowFullScreen=\"true\"><\/iframe>\n<\/center>\n\n\n\n<div style=\"height:25px\" aria-hidden=\"true\" class=\"wp-block-spacer\"><\/div>\n<\/div><\/div>\n","protected":false},"excerpt":{"rendered":"<div class=\"mh-excerpt\"><\/div>","protected":false},"author":2,"featured_media":0,"parent":0,"menu_order":0,"comment_status":"closed","ping_status":"closed","template":"","meta":{"footnotes":""},"class_list":["post-69","page","type-page","status-publish","hentry"],"_links":{"self":[{"href":"https:\/\/imagen-radio.com\/radio\/wp-json\/wp\/v2\/pages\/69","targetHints":{"allow":["GET"]}}],"collection":[{"href":"https:\/\/imagen-radio.com\/radio\/wp-json\/wp\/v2\/pages"}],"about":[{"href":"https:\/\/imagen-radio.com\/radio\/wp-json\/wp\/v2\/types\/page"}],"author":[{"embeddable":true,"href":"https:\/\/imagen-radio.com\/radio\/wp-json\/wp\/v2\/users\/2"}],"replies":[{"embeddable":true,"href":"https:\/\/imagen-radio.com\/radio\/wp-json\/wp\/v2\/comments?post=69"}],"version-history":[{"count":24,"href":"https:\/\/imagen-radio.com\/radio\/wp-json\/wp\/v2\/pages\/69\/revisions"}],"predecessor-version":[{"id":207,"href":"https:\/\/imagen-radio.com\/radio\/wp-json\/wp\/v2\/pages\/69\/revisions\/207"}],"wp:attachment":[{"href":"https:\/\/imagen-radio.com\/radio\/wp-json\/wp\/v2\/media?parent=69"}],"curies":[{"name":"wp","href":"https:\/\/api.w.org\/{rel}","templated":true}]}}